{"id":1486,"date":"2020-07-04T17:52:37","date_gmt":"2020-07-04T14:52:37","guid":{"rendered":"https:\/\/test.stikla-serviss.lv\/?post_type=product&#038;p=1486"},"modified":"2020-07-04T17:54:33","modified_gmt":"2020-07-04T14:54:33","slug":"kaminstikls","status":"publish","type":"product","link":"https:\/\/test.stikla-serviss.lv\/en\/product\/kaminstikls\/","title":{"rendered":"KAM\u012aNSTIKLS"},"content":{"rendered":"<p>&nbsp;<\/p>\n<table style=\"border-collapse: collapse; width: 100%; height: 243px;\">\n<tbody>\n<tr style=\"height: 243px;\">\n<td style=\"width: 50%; vertical-align: top; height: 243px;\">\n<div>\n<h4>M\u016bsu noliktav\u0101 eso\u0161ais sortiments (nor\u0101d\u012bto izm\u0113ru loksnes uz vietas varam sagriezt nepiecie\u0161amajos izm\u0113ros):<\/h4>\n<\/div>\n<div>\n<table style=\"width: 50.661823355649204%; height: 31px;\" border=\"0\" width=\"212\" cellspacing=\"0\" cellpadding=\"0\">\n<colgroup>\n<col width=\"105\" \/>\n<col width=\"107\" \/><\/colgroup>\n<tbody>\n<tr>\n<td class=\"xl65\" style=\"width: 46.320346320346324%;\" width=\"105\" height=\"21\">Stikla biezums:<\/td>\n<td class=\"xl65\" style=\"width: 52.38095238095238%;\" width=\"185\">4mm<\/td>\n<\/tr>\n<tr>\n<td class=\"xl65\" style=\"width: 46.320346320346324%;\" height=\"21\">Stikla izm\u0113rs:<\/td>\n<td class=\"xl65\" style=\"width: 52.38095238095238%;\">1266x2000mm<\/td>\n<\/tr>\n<\/tbody>\n<\/table>\n<\/div>\n<\/td>\n<td style=\"width: 50%; vertical-align: top; height: 243px;\"><img loading=\"lazy\" class=\"alignnone size-full wp-image-1296 alignright\" src=\"https:\/\/test.stikla-serviss.lv\/wp-content\/uploads\/2020\/05\/Maris-Butlers.jpg\" alt=\"\" width=\"140\" height=\"140\" srcset=\"https:\/\/test.stikla-serviss.lv\/wp-content\/uploads\/2020\/05\/Maris-Butlers.jpg 140w, https:\/\/test.stikla-serviss.lv\/wp-content\/uploads\/2020\/05\/Maris-Butlers-100x100.jpg 100w, https:\/\/test.stikla-serviss.lv\/wp-content\/uploads\/2020\/05\/Maris-Butlers-32x32.jpg 32w\" sizes=\"(max-width: 140px) 100vw, 140px\" \/><\/p>\n<p style=\"text-align: right;\">M\u0100RIS BUTLERS<\/p>\n<p style=\"text-align: right;\">Tirdzniec\u012bbas vad\u012bt\u0101js<\/p>\n<p style=\"text-align: right;\">T\u0101lr.: +371 67472933<\/p>\n<p style=\"text-align: right;\">Mob.: +371 29463776<\/p>\n<p style=\"text-align: right;\">e-pasts: <a id=\"contact_email_4\" href=\"mailto:maris@stikla-serviss.lv\">maris@stikla-serviss.lv<\/a><\/p>\n<p style=\"text-align: right;\"><a id=\"contact_email_4\" href=\"mailto:info@stikla-serviss.lv\">info@stikla-serviss.lv<\/a><\/p>\n<\/td>\n<\/tr>\n<\/tbody>\n<\/table>\n<div><\/div>\n<div><\/div>\n","protected":false},"excerpt":{"rendered":"<p>Ier\u0101m\u0113\u0161anas darbiem tiek izmantots gan parastais float stikls, gan antireflekt\u012bvais stikls, kuru biezums ir ap 2mm. Antireflekt\u012bviem stikliem gaismas atsp\u012bdums tiek izklied\u0113ts, kas dod iesp\u0113ju ier\u0101m\u0113to darbu apskat\u012bt no jebkuras vietas.<\/p>\n","protected":false},"featured_media":1487,"template":"","meta":[],"yoast_head":"<!-- This site is optimized with the Yoast SEO plugin v15.5 - https:\/\/yoast.com\/wordpress\/plugins\/seo\/ -->\n<title>KAM\u012aNSTIKLS - STIKLA SERVISS<\/title>\n<meta name=\"description\" content=\"KAM\u012aNSTIKLS - STIKLA SERVISS\" \/>\n<meta name=\"robots\" content=\"noindex, follow, max-snippet:-1, max-image-preview:large, max-video-preview:-1\" \/>\n<meta property=\"og:locale\" content=\"en_US\" \/>\n<meta property=\"og:type\" content=\"article\" \/>\n<meta property=\"og:title\" content=\"KAM\u012aNSTIKLS - STIKLA SERVISS\" \/>\n<meta property=\"og:description\" content=\"KAM\u012aNSTIKLS - STIKLA SERVISS\" \/>\n<meta property=\"og:url\" content=\"https:\/\/test.stikla-serviss.lv\/en\/product\/kaminstikls\/\" \/>\n<meta property=\"og:site_name\" content=\"STIKLA SERVISS\" \/>\n<meta property=\"article:modified_time\" content=\"2020-07-04T14:54:33+00:00\" \/>\n<meta property=\"og:image\" content=\"https:\/\/test.stikla-serviss.lv\/wp-content\/uploads\/2020\/07\/kaminstikls-stikls-kaminam-kamina-stikls-kaminu-stikls.jpg\" \/>\n\t<meta property=\"og:image:width\" content=\"269\" \/>\n\t<meta property=\"og:image:height\" content=\"206\" \/>\n<meta name=\"twitter:card\" content=\"summary_large_image\" \/>\n<meta name=\"twitter:label1\" content=\"Est. reading time\">\n\t<meta name=\"twitter:data1\" content=\"0 minutes\">\n<script type=\"application\/ld+json\" class=\"yoast-schema-graph\">{\"@context\":\"https:\/\/schema.org\",\"@graph\":[{\"@type\":\"Organization\",\"@id\":\"https:\/\/test.stikla-serviss.lv\/#organization\",\"name\":\"Stikla-serviss\",\"url\":\"https:\/\/test.stikla-serviss.lv\/\",\"sameAs\":[],\"logo\":{\"@type\":\"ImageObject\",\"@id\":\"https:\/\/test.stikla-serviss.lv\/#logo\",\"inLanguage\":\"en-US\",\"url\":\"https:\/\/test.stikla-serviss.lv\/wp-content\/uploads\/2020\/07\/LOGO-ISTS.jpg\",\"width\":1860,\"height\":817,\"caption\":\"Stikla-serviss\"},\"image\":{\"@id\":\"https:\/\/test.stikla-serviss.lv\/#logo\"}},{\"@type\":\"WebSite\",\"@id\":\"https:\/\/test.stikla-serviss.lv\/#website\",\"url\":\"https:\/\/test.stikla-serviss.lv\/\",\"name\":\"STIKLA SERVISS\",\"description\":\"www.stikla-serviss.lv\",\"publisher\":{\"@id\":\"https:\/\/test.stikla-serviss.lv\/#organization\"},\"potentialAction\":[{\"@type\":\"SearchAction\",\"target\":\"https:\/\/test.stikla-serviss.lv\/?s={search_term_string}\",\"query-input\":\"required name=search_term_string\"}],\"inLanguage\":\"en-US\"},{\"@type\":\"ImageObject\",\"@id\":\"https:\/\/test.stikla-serviss.lv\/en\/product\/kaminstikls\/#primaryimage\",\"inLanguage\":\"en-US\",\"url\":\"https:\/\/test.stikla-serviss.lv\/wp-content\/uploads\/2020\/07\/kaminstikls-stikls-kaminam-kamina-stikls-kaminu-stikls.jpg\",\"width\":269,\"height\":206,\"caption\":\"kaminstikls-stikls-kaminam-kamina-stikls-kaminu-stikls\"},{\"@type\":\"WebPage\",\"@id\":\"https:\/\/test.stikla-serviss.lv\/en\/product\/kaminstikls\/#webpage\",\"url\":\"https:\/\/test.stikla-serviss.lv\/en\/product\/kaminstikls\/\",\"name\":\"KAM\\u012aNSTIKLS - STIKLA SERVISS\",\"isPartOf\":{\"@id\":\"https:\/\/test.stikla-serviss.lv\/#website\"},\"primaryImageOfPage\":{\"@id\":\"https:\/\/test.stikla-serviss.lv\/en\/product\/kaminstikls\/#primaryimage\"},\"datePublished\":\"2020-07-04T14:52:37+00:00\",\"dateModified\":\"2020-07-04T14:54:33+00:00\",\"description\":\"KAM\\u012aNSTIKLS - STIKLA SERVISS\",\"inLanguage\":\"en-US\",\"potentialAction\":[{\"@type\":\"ReadAction\",\"target\":[\"https:\/\/test.stikla-serviss.lv\/en\/product\/kaminstikls\/\"]}]}]}<\/script>\n<!-- \/ Yoast SEO plugin. -->","_links":{"self":[{"href":"https:\/\/test.stikla-serviss.lv\/en\/wp-json\/wp\/v2\/product\/1486"}],"collection":[{"href":"https:\/\/test.stikla-serviss.lv\/en\/wp-json\/wp\/v2\/product"}],"about":[{"href":"https:\/\/test.stikla-serviss.lv\/en\/wp-json\/wp\/v2\/types\/product"}],"wp:featuredmedia":[{"embeddable":true,"href":"https:\/\/test.stikla-serviss.lv\/en\/wp-json\/wp\/v2\/media\/1487"}],"wp:attachment":[{"href":"https:\/\/test.stikla-serviss.lv\/en\/wp-json\/wp\/v2\/media?parent=1486"}],"curies":[{"name":"wp","href":"https:\/\/api.w.org\/{rel}","templated":true}]}}