{"id":1730,"date":"2020-07-10T18:31:56","date_gmt":"2020-07-10T15:31:56","guid":{"rendered":"https:\/\/test.stikla-serviss.lv\/?post_type=product&#038;p=1730"},"modified":"2020-10-19T11:42:04","modified_gmt":"2020-10-19T08:42:04","slug":"stikla-durvis-durvju-vertnu-stikla-varianti-stikls-matets-bronza","status":"publish","type":"product","link":"https:\/\/test.stikla-serviss.lv\/en\/product\/stikla-durvis-durvju-vertnu-stikla-varianti-stikls-matets-bronza\/","title":{"rendered":"STIKLA DURVIS &#8211; DURVJU V\u0112RT\u0145U STIKLA VARIANTI &#8211; STIKLS MAT\u0112TS BRONZA"},"content":{"rendered":"<p>&nbsp;<\/p>\n<table style=\"border-collapse: collapse; width: 100%; height: 332px;\">\n<tbody>\n<tr style=\"height: 332px;\">\n<td style=\"width: 50%; vertical-align: top; height: 332px;\"><\/td>\n<td style=\"width: 50%; vertical-align: top; height: 332px;\"><div class=\"row\"  id=\"row-279920922\">\r\n\r\n\n\t<div id=\"col-1547434349\" class=\"col medium-6 small-12 large-6\"  >\n\t\t<div class=\"col-inner\"  >\n\t\t\t\n\t\t\t\r\n<p style=\"text-align: right;\">VINETA MIKIT\u0100NE<\/p>\r\n<p style=\"text-align: right;\">Projekta vad\u012bt\u0101ja<\/p>\r\n<p style=\"text-align: right;\">+371 67472933<\/p>\r\n<p style=\"text-align: right;\">\u00a0+371 20036026<\/p>\r\n<p style=\"text-align: right;\"><a id=\"contact_email_19\" href=\"mailto:vineta@stikla-serviss.lv\">vineta@stikla-serviss.lv<\/a><\/p>\r\n<p style=\"text-align: right;\"><a href=\"mailto:info@stikla-serviss.lv\">info@stikla-serviss.lv<\/a><\/p>\r\n\t\t<\/div>\n\t\t\t<\/div>\n\n\t\r\n\n\t<div id=\"col-524631427\" class=\"col medium-6 small-12 large-6\"  >\n\t\t<div class=\"col-inner\"  >\n\t\t\t\n\t\t\t\r\n\r\n\t<div class=\"img has-hover x md-x lg-x y md-y lg-y\" id=\"image_1366102432\">\n\t\t\t\t\t\t\t\t<div class=\"img-inner dark\" >\n\t\t\t<img width=\"769\" height=\"800\" src=\"https:\/\/test.stikla-serviss.lv\/wp-content\/uploads\/2020\/09\/Vineta_Mikitane-769x800.jpg\" class=\"attachment-large size-large\" alt=\"\" loading=\"lazy\" srcset=\"https:\/\/test.stikla-serviss.lv\/wp-content\/uploads\/2020\/09\/Vineta_Mikitane-769x800.jpg 769w, https:\/\/test.stikla-serviss.lv\/wp-content\/uploads\/2020\/09\/Vineta_Mikitane-510x531.jpg 510w, https:\/\/test.stikla-serviss.lv\/wp-content\/uploads\/2020\/09\/Vineta_Mikitane-384x400.jpg 384w, https:\/\/test.stikla-serviss.lv\/wp-content\/uploads\/2020\/09\/Vineta_Mikitane-768x799.jpg 768w, https:\/\/test.stikla-serviss.lv\/wp-content\/uploads\/2020\/09\/Vineta_Mikitane-32x32.jpg 32w, https:\/\/test.stikla-serviss.lv\/wp-content\/uploads\/2020\/09\/Vineta_Mikitane.jpg 1200w\" sizes=\"(max-width: 769px) 100vw, 769px\" \/>\t\t\t\t\t\t\n\t\t\t\t\t<\/div>\n\t\t\t\t\t\t\t\t\n<style>\n#image_1366102432 {\n  width: 100%;\n}\n<\/style>\n\t<\/div>\n\t\r\n\r\n\t\t<\/div>\n\t\t\t<\/div>\n\n\t\r\n\r\n<\/div><\/td>\n<\/tr>\n<\/tbody>\n<\/table>\n<p>&nbsp;<\/p>\n","protected":false},"excerpt":{"rendered":"<p>&nbsp; &nbsp;<\/p>\n","protected":false},"featured_media":1733,"template":"","meta":[],"yoast_head":"<!-- This site is optimized with the Yoast SEO plugin v15.5 - https:\/\/yoast.com\/wordpress\/plugins\/seo\/ -->\n<title>STIKLA DURVIS - DURVJU V\u0112RT\u0145U STIKLA VARIANTI - STIKLS MAT\u0112TS BRONZA - STIKLA SERVISS<\/title>\n<meta name=\"description\" content=\"STIKLA DURVIS - DURVJU V\u0112RT\u0145U STIKLA VARIANTI - STIKLS MAT\u0112TS BRONZA - STIKLA SERVISS\" \/>\n<meta name=\"robots\" content=\"noindex, follow, max-snippet:-1, max-image-preview:large, max-video-preview:-1\" \/>\n<meta property=\"og:locale\" content=\"en_US\" \/>\n<meta property=\"og:type\" content=\"article\" \/>\n<meta property=\"og:title\" content=\"STIKLA DURVIS - DURVJU V\u0112RT\u0145U STIKLA VARIANTI - STIKLS MAT\u0112TS BRONZA - STIKLA SERVISS\" \/>\n<meta property=\"og:description\" content=\"STIKLA DURVIS - DURVJU V\u0112RT\u0145U STIKLA VARIANTI - STIKLS MAT\u0112TS BRONZA - STIKLA SERVISS\" \/>\n<meta property=\"og:url\" content=\"https:\/\/test.stikla-serviss.lv\/en\/product\/stikla-durvis-durvju-vertnu-stikla-varianti-stikls-matets-bronza\/\" \/>\n<meta property=\"og:site_name\" content=\"STIKLA SERVISS\" \/>\n<meta property=\"article:modified_time\" content=\"2020-10-19T08:42:04+00:00\" \/>\n<meta property=\"og:image\" content=\"https:\/\/test.stikla-serviss.lv\/wp-content\/uploads\/2020\/07\/STIKLS-MATETA-BRONZA.jpg\" \/>\n\t<meta property=\"og:image:width\" content=\"500\" \/>\n\t<meta property=\"og:image:height\" content=\"500\" \/>\n<meta name=\"twitter:card\" content=\"summary_large_image\" \/>\n<meta name=\"twitter:label1\" content=\"Est. reading time\">\n\t<meta name=\"twitter:data1\" content=\"0 minutes\">\n<script type=\"application\/ld+json\" class=\"yoast-schema-graph\">{\"@context\":\"https:\/\/schema.org\",\"@graph\":[{\"@type\":\"Organization\",\"@id\":\"https:\/\/test.stikla-serviss.lv\/#organization\",\"name\":\"Stikla-serviss\",\"url\":\"https:\/\/test.stikla-serviss.lv\/\",\"sameAs\":[],\"logo\":{\"@type\":\"ImageObject\",\"@id\":\"https:\/\/test.stikla-serviss.lv\/#logo\",\"inLanguage\":\"en-US\",\"url\":\"https:\/\/test.stikla-serviss.lv\/wp-content\/uploads\/2020\/07\/LOGO-ISTS.jpg\",\"width\":1860,\"height\":817,\"caption\":\"Stikla-serviss\"},\"image\":{\"@id\":\"https:\/\/test.stikla-serviss.lv\/#logo\"}},{\"@type\":\"WebSite\",\"@id\":\"https:\/\/test.stikla-serviss.lv\/#website\",\"url\":\"https:\/\/test.stikla-serviss.lv\/\",\"name\":\"STIKLA SERVISS\",\"description\":\"www.stikla-serviss.lv\",\"publisher\":{\"@id\":\"https:\/\/test.stikla-serviss.lv\/#organization\"},\"potentialAction\":[{\"@type\":\"SearchAction\",\"target\":\"https:\/\/test.stikla-serviss.lv\/?s={search_term_string}\",\"query-input\":\"required name=search_term_string\"}],\"inLanguage\":\"en-US\"},{\"@type\":\"ImageObject\",\"@id\":\"https:\/\/test.stikla-serviss.lv\/en\/product\/stikla-durvis-durvju-vertnu-stikla-varianti-stikls-matets-bronza\/#primaryimage\",\"inLanguage\":\"en-US\",\"url\":\"https:\/\/test.stikla-serviss.lv\/wp-content\/uploads\/2020\/07\/STIKLS-MATETA-BRONZA.jpg\",\"width\":500,\"height\":500},{\"@type\":\"WebPage\",\"@id\":\"https:\/\/test.stikla-serviss.lv\/en\/product\/stikla-durvis-durvju-vertnu-stikla-varianti-stikls-matets-bronza\/#webpage\",\"url\":\"https:\/\/test.stikla-serviss.lv\/en\/product\/stikla-durvis-durvju-vertnu-stikla-varianti-stikls-matets-bronza\/\",\"name\":\"STIKLA DURVIS - DURVJU V\\u0112RT\\u0145U STIKLA VARIANTI - STIKLS MAT\\u0112TS BRONZA - STIKLA SERVISS\",\"isPartOf\":{\"@id\":\"https:\/\/test.stikla-serviss.lv\/#website\"},\"primaryImageOfPage\":{\"@id\":\"https:\/\/test.stikla-serviss.lv\/en\/product\/stikla-durvis-durvju-vertnu-stikla-varianti-stikls-matets-bronza\/#primaryimage\"},\"datePublished\":\"2020-07-10T15:31:56+00:00\",\"dateModified\":\"2020-10-19T08:42:04+00:00\",\"description\":\"STIKLA DURVIS - DURVJU V\\u0112RT\\u0145U STIKLA VARIANTI - STIKLS MAT\\u0112TS BRONZA - STIKLA SERVISS\",\"inLanguage\":\"en-US\",\"potentialAction\":[{\"@type\":\"ReadAction\",\"target\":[\"https:\/\/test.stikla-serviss.lv\/en\/product\/stikla-durvis-durvju-vertnu-stikla-varianti-stikls-matets-bronza\/\"]}]}]}<\/script>\n<!-- \/ Yoast SEO plugin. -->","_links":{"self":[{"href":"https:\/\/test.stikla-serviss.lv\/en\/wp-json\/wp\/v2\/product\/1730"}],"collection":[{"href":"https:\/\/test.stikla-serviss.lv\/en\/wp-json\/wp\/v2\/product"}],"about":[{"href":"https:\/\/test.stikla-serviss.lv\/en\/wp-json\/wp\/v2\/types\/product"}],"wp:featuredmedia":[{"embeddable":true,"href":"https:\/\/test.stikla-serviss.lv\/en\/wp-json\/wp\/v2\/media\/1733"}],"wp:attachment":[{"href":"https:\/\/test.stikla-serviss.lv\/en\/wp-json\/wp\/v2\/media?parent=1730"}],"curies":[{"name":"wp","href":"https:\/\/api.w.org\/{rel}","templated":true}]}}