{"id":1764,"date":"2020-07-10T19:03:49","date_gmt":"2020-07-10T16:03:49","guid":{"rendered":"https:\/\/test.stikla-serviss.lv\/?post_type=product&#038;p=1764"},"modified":"2020-10-19T11:44:34","modified_gmt":"2020-10-19T08:44:34","slug":"stikla-durvis-rullisfiksators-4238-peleks","status":"publish","type":"product","link":"https:\/\/test.stikla-serviss.lv\/en\/product\/stikla-durvis-rullisfiksators-4238-peleks\/","title":{"rendered":"STIKLA DURVIS &#8211; RULL\u012a\u0160FIKSATORS 4238 PEL\u0112KS"},"content":{"rendered":"<p>&nbsp;<\/p>\n<table style=\"border-collapse: collapse; width: 100%; height: 332px;\">\n<tbody>\n<tr style=\"height: 332px;\">\n<td style=\"text-align: center; vertical-align: top;\">\n<p style=\"text-align: left;\">\n<\/td>\n<td style=\"width: 50%; vertical-align: top; height: 332px;\"><div class=\"row\"  id=\"row-29513724\">\r\n\r\n\n\t<div id=\"col-1721330978\" class=\"col medium-6 small-12 large-6\"  >\n\t\t<div class=\"col-inner\"  >\n\t\t\t\n\t\t\t\r\n<p style=\"text-align: right;\">VINETA MIKIT\u0100NE<\/p>\r\n<p style=\"text-align: right;\">Projekta vad\u012bt\u0101ja<\/p>\r\n<p style=\"text-align: right;\">+371 67472933<\/p>\r\n<p style=\"text-align: right;\">\u00a0+371 20036026<\/p>\r\n<p style=\"text-align: right;\"><a id=\"contact_email_19\" href=\"mailto:vineta@stikla-serviss.lv\">vineta@stikla-serviss.lv<\/a><\/p>\r\n<p style=\"text-align: right;\"><a href=\"mailto:info@stikla-serviss.lv\">info@stikla-serviss.lv<\/a><\/p>\r\n\t\t<\/div>\n\t\t\t<\/div>\n\n\t\r\n\n\t<div id=\"col-623631982\" class=\"col medium-6 small-12 large-6\"  >\n\t\t<div class=\"col-inner\"  >\n\t\t\t\n\t\t\t\r\n\r\n\t<div class=\"img has-hover x md-x lg-x y md-y lg-y\" id=\"image_2017159078\">\n\t\t\t\t\t\t\t\t<div class=\"img-inner dark\" >\n\t\t\t<img width=\"769\" height=\"800\" src=\"https:\/\/test.stikla-serviss.lv\/wp-content\/uploads\/2020\/09\/Vineta_Mikitane-769x800.jpg\" class=\"attachment-large size-large\" alt=\"\" loading=\"lazy\" srcset=\"https:\/\/test.stikla-serviss.lv\/wp-content\/uploads\/2020\/09\/Vineta_Mikitane-769x800.jpg 769w, https:\/\/test.stikla-serviss.lv\/wp-content\/uploads\/2020\/09\/Vineta_Mikitane-510x531.jpg 510w, https:\/\/test.stikla-serviss.lv\/wp-content\/uploads\/2020\/09\/Vineta_Mikitane-384x400.jpg 384w, https:\/\/test.stikla-serviss.lv\/wp-content\/uploads\/2020\/09\/Vineta_Mikitane-768x799.jpg 768w, https:\/\/test.stikla-serviss.lv\/wp-content\/uploads\/2020\/09\/Vineta_Mikitane-32x32.jpg 32w, https:\/\/test.stikla-serviss.lv\/wp-content\/uploads\/2020\/09\/Vineta_Mikitane.jpg 1200w\" sizes=\"(max-width: 769px) 100vw, 769px\" \/>\t\t\t\t\t\t\n\t\t\t\t\t<\/div>\n\t\t\t\t\t\t\t\t\n<style>\n#image_2017159078 {\n  width: 100%;\n}\n<\/style>\n\t<\/div>\n\t\r\n\r\n\t\t<\/div>\n\t\t\t<\/div>\n\n\t\r\n\r\n<\/div><\/td>\n<\/tr>\n<\/tbody>\n<\/table>\n<p>&nbsp;<\/p>\n","protected":false},"excerpt":{"rendered":"<p>Rul\u012b\u0161fiksators 4238<\/p>\n<p>Pel\u0113ks<\/p>\n<p>EUR 9.08<\/p>\n","protected":false},"featured_media":1765,"template":"","meta":[],"yoast_head":"<!-- This site is optimized with the Yoast SEO plugin v15.5 - https:\/\/yoast.com\/wordpress\/plugins\/seo\/ -->\n<title>STIKLA DURVIS - RULL\u012a\u0160FIKSATORS 4238 PEL\u0112KS - STIKLA SERVISS<\/title>\n<meta name=\"description\" content=\"STIKLA DURVIS - RULL\u012a\u0160FIKSATORS 4238 PEL\u0112KS - STIKLA SERVISS\" \/>\n<meta name=\"robots\" content=\"noindex, follow, max-snippet:-1, max-image-preview:large, max-video-preview:-1\" \/>\n<meta property=\"og:locale\" content=\"en_US\" \/>\n<meta property=\"og:type\" content=\"article\" \/>\n<meta property=\"og:title\" content=\"STIKLA DURVIS - RULL\u012a\u0160FIKSATORS 4238 PEL\u0112KS - STIKLA SERVISS\" \/>\n<meta property=\"og:description\" content=\"STIKLA DURVIS - RULL\u012a\u0160FIKSATORS 4238 PEL\u0112KS - STIKLA SERVISS\" \/>\n<meta property=\"og:url\" content=\"https:\/\/test.stikla-serviss.lv\/en\/product\/stikla-durvis-rullisfiksators-4238-peleks\/\" \/>\n<meta property=\"og:site_name\" content=\"STIKLA SERVISS\" \/>\n<meta property=\"article:modified_time\" content=\"2020-10-19T08:44:34+00:00\" \/>\n<meta property=\"og:image\" content=\"https:\/\/test.stikla-serviss.lv\/wp-content\/uploads\/2020\/07\/STIKLA-DURVIS-RULLISFIKSATORS-4238-PELEKS.jpg\" \/>\n\t<meta property=\"og:image:width\" content=\"150\" \/>\n\t<meta property=\"og:image:height\" content=\"188\" \/>\n<meta name=\"twitter:card\" content=\"summary_large_image\" \/>\n<meta name=\"twitter:label1\" content=\"Est. reading time\">\n\t<meta name=\"twitter:data1\" content=\"0 minutes\">\n<script type=\"application\/ld+json\" class=\"yoast-schema-graph\">{\"@context\":\"https:\/\/schema.org\",\"@graph\":[{\"@type\":\"Organization\",\"@id\":\"https:\/\/test.stikla-serviss.lv\/#organization\",\"name\":\"Stikla-serviss\",\"url\":\"https:\/\/test.stikla-serviss.lv\/\",\"sameAs\":[],\"logo\":{\"@type\":\"ImageObject\",\"@id\":\"https:\/\/test.stikla-serviss.lv\/#logo\",\"inLanguage\":\"en-US\",\"url\":\"https:\/\/test.stikla-serviss.lv\/wp-content\/uploads\/2020\/07\/LOGO-ISTS.jpg\",\"width\":1860,\"height\":817,\"caption\":\"Stikla-serviss\"},\"image\":{\"@id\":\"https:\/\/test.stikla-serviss.lv\/#logo\"}},{\"@type\":\"WebSite\",\"@id\":\"https:\/\/test.stikla-serviss.lv\/#website\",\"url\":\"https:\/\/test.stikla-serviss.lv\/\",\"name\":\"STIKLA SERVISS\",\"description\":\"www.stikla-serviss.lv\",\"publisher\":{\"@id\":\"https:\/\/test.stikla-serviss.lv\/#organization\"},\"potentialAction\":[{\"@type\":\"SearchAction\",\"target\":\"https:\/\/test.stikla-serviss.lv\/?s={search_term_string}\",\"query-input\":\"required name=search_term_string\"}],\"inLanguage\":\"en-US\"},{\"@type\":\"ImageObject\",\"@id\":\"https:\/\/test.stikla-serviss.lv\/en\/product\/stikla-durvis-rullisfiksators-4238-peleks\/#primaryimage\",\"inLanguage\":\"en-US\",\"url\":\"https:\/\/test.stikla-serviss.lv\/wp-content\/uploads\/2020\/07\/STIKLA-DURVIS-RULLISFIKSATORS-4238-PELEKS.jpg\",\"width\":150,\"height\":188,\"caption\":\"STIKLA-DURVIS-RULLISFIKSATORS-4238-PELEKS\"},{\"@type\":\"WebPage\",\"@id\":\"https:\/\/test.stikla-serviss.lv\/en\/product\/stikla-durvis-rullisfiksators-4238-peleks\/#webpage\",\"url\":\"https:\/\/test.stikla-serviss.lv\/en\/product\/stikla-durvis-rullisfiksators-4238-peleks\/\",\"name\":\"STIKLA DURVIS - RULL\\u012a\\u0160FIKSATORS 4238 PEL\\u0112KS - STIKLA SERVISS\",\"isPartOf\":{\"@id\":\"https:\/\/test.stikla-serviss.lv\/#website\"},\"primaryImageOfPage\":{\"@id\":\"https:\/\/test.stikla-serviss.lv\/en\/product\/stikla-durvis-rullisfiksators-4238-peleks\/#primaryimage\"},\"datePublished\":\"2020-07-10T16:03:49+00:00\",\"dateModified\":\"2020-10-19T08:44:34+00:00\",\"description\":\"STIKLA DURVIS - RULL\\u012a\\u0160FIKSATORS 4238 PEL\\u0112KS - STIKLA SERVISS\",\"inLanguage\":\"en-US\",\"potentialAction\":[{\"@type\":\"ReadAction\",\"target\":[\"https:\/\/test.stikla-serviss.lv\/en\/product\/stikla-durvis-rullisfiksators-4238-peleks\/\"]}]}]}<\/script>\n<!-- \/ Yoast SEO plugin. -->","_links":{"self":[{"href":"https:\/\/test.stikla-serviss.lv\/en\/wp-json\/wp\/v2\/product\/1764"}],"collection":[{"href":"https:\/\/test.stikla-serviss.lv\/en\/wp-json\/wp\/v2\/product"}],"about":[{"href":"https:\/\/test.stikla-serviss.lv\/en\/wp-json\/wp\/v2\/types\/product"}],"wp:featuredmedia":[{"embeddable":true,"href":"https:\/\/test.stikla-serviss.lv\/en\/wp-json\/wp\/v2\/media\/1765"}],"wp:attachment":[{"href":"https:\/\/test.stikla-serviss.lv\/en\/wp-json\/wp\/v2\/media?parent=1764"}],"curies":[{"name":"wp","href":"https:\/\/api.w.org\/{rel}","templated":true}]}}