{"id":1766,"date":"2020-07-10T19:14:33","date_gmt":"2020-07-10T16:14:33","guid":{"rendered":"https:\/\/test.stikla-serviss.lv\/?post_type=product&#038;p=1766"},"modified":"2020-07-10T19:17:19","modified_gmt":"2020-07-10T16:17:19","slug":"stikla-durvis-akcijas-saunas-durvis-scan-7x19-bronza","status":"publish","type":"product","link":"https:\/\/test.stikla-serviss.lv\/en\/product\/stikla-durvis-akcijas-saunas-durvis-scan-7x19-bronza\/","title":{"rendered":"STIKLA DURVIS &#8211; AKCIJAS &#8211; SAUNAS DURVIS SCAN 7&#215;19 Bronza"},"content":{"rendered":"<p>&nbsp;<\/p>\n<table style=\"border-collapse: collapse; width: 100%; height: 332px;\">\n<tbody>\n<tr style=\"height: 332px;\">\n<td><strong>AKCIJA!\u00a0<\/strong><\/p>\n<p><strong>EUR 89.00<\/strong><\/p>\n<p>(vec\u0101 cena EUR 133.00)<\/p>\n<p>&nbsp;<\/p>\n<p>7&#215;19 (690x1836mm)<\/p>\n<p>K\u0101rba &#8211; melnalksnis, biezums 92mm<\/p>\n<p>Stikls &#8211; bronza<\/p>\n<p>Rokturis &#8211; apa\u013c\u0161<\/p>\n<p>Iepakojums: kartons<\/p>\n<p>&nbsp;<\/p>\n<p>Akcijas cena ir l\u012bdz br\u012bdim, kam\u0113r durvis ir noliktav\u0101!<\/td>\n<td style=\"width: 50%; vertical-align: top; height: 332px;\"><img loading=\"lazy\" class=\"size-full wp-image-1548 alignleft\" src=\"https:\/\/test.stikla-serviss.lv\/wp-content\/uploads\/2020\/07\/VINETA-MIKITANE.jpg\" alt=\"\" width=\"140\" height=\"140\" srcset=\"https:\/\/test.stikla-serviss.lv\/wp-content\/uploads\/2020\/07\/VINETA-MIKITANE.jpg 140w, https:\/\/test.stikla-serviss.lv\/wp-content\/uploads\/2020\/07\/VINETA-MIKITANE-100x100.jpg 100w, https:\/\/test.stikla-serviss.lv\/wp-content\/uploads\/2020\/07\/VINETA-MIKITANE-32x32.jpg 32w\" sizes=\"(max-width: 140px) 100vw, 140px\" \/><\/p>\n<p style=\"text-align: right;\">VINETA MIKIT\u0100NE<\/p>\n<p style=\"text-align: right;\">Projekta vad\u012bt\u0101ja<\/p>\n<p style=\"text-align: right;\">T\u0101lr.: +371 67472933<\/p>\n<p style=\"text-align: right;\">Mob.: +371 20036026<\/p>\n<p style=\"text-align: right;\">e-pasts: <a id=\"contact_email_19\" href=\"mailto:vineta@stikla-serviss.lv\">vineta@stikla-serviss.lv<\/a><\/p>\n<\/td>\n<\/tr>\n<\/tbody>\n<\/table>\n<p>&nbsp;<\/p>\n","protected":false},"excerpt":{"rendered":"<p style=\"text-align: justify;\"><span style=\"font-size: small;\">Saunas durvis tiek izgatavotas no 8 mm r\u016bd\u012bta stikla. Durvju komplekt\u0101cija iesp\u0113jama ar da\u017e\u0101du veidu ton\u0113tiem stikliem: pel\u0113ks, bronza, k\u0101 ar\u012b vair\u0101ku veidu dekorat\u012bviem stikliem. Iesp\u0113jams ieg\u0101d\u0101ties durvis ar \u0137\u012bmiski mat\u0113tu z\u012bm\u0113jumu. Saunas durvju k\u0101rba izgatavota no l\u012bm\u0113tas lapu koka koksnes. Saunas durv\u012bm izmanto speci\u0101li stikla v\u0113rtn\u0113m paredz\u0113tas firmas \u201cAbloy\u201d e\u0146\u0123es KS-6540, FL-48; firmas \u201cAbloy\u201d fiksators \u201cAbloy-4238\u201d. Saunas durv\u012bm ir k\u0101rbas bl\u012bv\u0113jums \u2013 karstumiztur\u012bgs silikons.<\/span><\/p>\n<p style=\"text-align: justify;\"><span style=\"font-size: small;\">Durvju komplekt\u0101cija:<br \/>\n\u2022 Stikla v\u0113rtne &#8211; r\u016bd\u012bts stikls, 8 mm biezs<br \/>\n\u2022 Lapu koka k\u0101rba, l\u012bm\u0113ta, bez zariem<br \/>\n\u2022 K\u0101rbas bl\u012bv\u0113jums (8mm silikona gumijas bl\u012bv\u0113jums)<br \/>\n\u2022 &#8220;Abloy&#8221; e\u0146\u0123es<br \/>\n\u2022 &#8220;Abloy&#8221; rull\u012b\u0161fiksators<\/span><br \/>\n<span style=\"font-size: small;\">\u2022 Koka rokturis (priede)<br \/>\n\u2022 dekorat\u012bvas tapi\u0146as<\/span><br \/>\n<span style=\"font-size: small;\">\u2022 kartona iepakojums<\/span><\/p>\n","protected":false},"featured_media":1767,"template":"","meta":[],"yoast_head":"<!-- This site is optimized with the Yoast SEO plugin v15.5 - https:\/\/yoast.com\/wordpress\/plugins\/seo\/ -->\n<title>STIKLA DURVIS - AKCIJAS - SAUNAS DURVIS SCAN 7x19 Bronza - STIKLA SERVISS<\/title>\n<meta name=\"description\" content=\"STIKLA DURVIS - AKCIJAS - SAUNAS DURVIS SCAN 7x19 Bronza - STIKLA SERVISS\" \/>\n<meta name=\"robots\" content=\"noindex, follow, max-snippet:-1, max-image-preview:large, max-video-preview:-1\" \/>\n<meta property=\"og:locale\" content=\"en_US\" \/>\n<meta property=\"og:type\" content=\"article\" \/>\n<meta property=\"og:title\" content=\"STIKLA DURVIS - AKCIJAS - SAUNAS DURVIS SCAN 7x19 Bronza - STIKLA SERVISS\" \/>\n<meta property=\"og:description\" content=\"STIKLA DURVIS - AKCIJAS - SAUNAS DURVIS SCAN 7x19 Bronza - STIKLA SERVISS\" \/>\n<meta property=\"og:url\" content=\"https:\/\/test.stikla-serviss.lv\/en\/product\/stikla-durvis-akcijas-saunas-durvis-scan-7x19-bronza\/\" \/>\n<meta property=\"og:site_name\" content=\"STIKLA SERVISS\" \/>\n<meta property=\"article:modified_time\" content=\"2020-07-10T16:17:19+00:00\" \/>\n<meta property=\"og:image\" content=\"https:\/\/test.stikla-serviss.lv\/wp-content\/uploads\/2020\/07\/STIKLA-DURVIS-SAUNAS-DURVIS-SCAN-7x19-Bronza.jpg\" \/>\n\t<meta property=\"og:image:width\" content=\"150\" \/>\n\t<meta property=\"og:image:height\" content=\"334\" \/>\n<meta name=\"twitter:card\" content=\"summary_large_image\" \/>\n<meta name=\"twitter:label1\" content=\"Est. reading time\">\n\t<meta name=\"twitter:data1\" content=\"0 minutes\">\n<script type=\"application\/ld+json\" class=\"yoast-schema-graph\">{\"@context\":\"https:\/\/schema.org\",\"@graph\":[{\"@type\":\"Organization\",\"@id\":\"https:\/\/test.stikla-serviss.lv\/#organization\",\"name\":\"Stikla-serviss\",\"url\":\"https:\/\/test.stikla-serviss.lv\/\",\"sameAs\":[],\"logo\":{\"@type\":\"ImageObject\",\"@id\":\"https:\/\/test.stikla-serviss.lv\/#logo\",\"inLanguage\":\"en-US\",\"url\":\"https:\/\/test.stikla-serviss.lv\/wp-content\/uploads\/2020\/07\/LOGO-ISTS.jpg\",\"width\":1860,\"height\":817,\"caption\":\"Stikla-serviss\"},\"image\":{\"@id\":\"https:\/\/test.stikla-serviss.lv\/#logo\"}},{\"@type\":\"WebSite\",\"@id\":\"https:\/\/test.stikla-serviss.lv\/#website\",\"url\":\"https:\/\/test.stikla-serviss.lv\/\",\"name\":\"STIKLA SERVISS\",\"description\":\"www.stikla-serviss.lv\",\"publisher\":{\"@id\":\"https:\/\/test.stikla-serviss.lv\/#organization\"},\"potentialAction\":[{\"@type\":\"SearchAction\",\"target\":\"https:\/\/test.stikla-serviss.lv\/?s={search_term_string}\",\"query-input\":\"required name=search_term_string\"}],\"inLanguage\":\"en-US\"},{\"@type\":\"ImageObject\",\"@id\":\"https:\/\/test.stikla-serviss.lv\/en\/product\/stikla-durvis-akcijas-saunas-durvis-scan-7x19-bronza\/#primaryimage\",\"inLanguage\":\"en-US\",\"url\":\"https:\/\/test.stikla-serviss.lv\/wp-content\/uploads\/2020\/07\/STIKLA-DURVIS-SAUNAS-DURVIS-SCAN-7x19-Bronza.jpg\",\"width\":150,\"height\":334},{\"@type\":\"WebPage\",\"@id\":\"https:\/\/test.stikla-serviss.lv\/en\/product\/stikla-durvis-akcijas-saunas-durvis-scan-7x19-bronza\/#webpage\",\"url\":\"https:\/\/test.stikla-serviss.lv\/en\/product\/stikla-durvis-akcijas-saunas-durvis-scan-7x19-bronza\/\",\"name\":\"STIKLA DURVIS - AKCIJAS - SAUNAS DURVIS SCAN 7x19 Bronza - STIKLA SERVISS\",\"isPartOf\":{\"@id\":\"https:\/\/test.stikla-serviss.lv\/#website\"},\"primaryImageOfPage\":{\"@id\":\"https:\/\/test.stikla-serviss.lv\/en\/product\/stikla-durvis-akcijas-saunas-durvis-scan-7x19-bronza\/#primaryimage\"},\"datePublished\":\"2020-07-10T16:14:33+00:00\",\"dateModified\":\"2020-07-10T16:17:19+00:00\",\"description\":\"STIKLA DURVIS - AKCIJAS - SAUNAS DURVIS SCAN 7x19 Bronza - STIKLA SERVISS\",\"inLanguage\":\"en-US\",\"potentialAction\":[{\"@type\":\"ReadAction\",\"target\":[\"https:\/\/test.stikla-serviss.lv\/en\/product\/stikla-durvis-akcijas-saunas-durvis-scan-7x19-bronza\/\"]}]}]}<\/script>\n<!-- \/ Yoast SEO plugin. -->","_links":{"self":[{"href":"https:\/\/test.stikla-serviss.lv\/en\/wp-json\/wp\/v2\/product\/1766"}],"collection":[{"href":"https:\/\/test.stikla-serviss.lv\/en\/wp-json\/wp\/v2\/product"}],"about":[{"href":"https:\/\/test.stikla-serviss.lv\/en\/wp-json\/wp\/v2\/types\/product"}],"wp:featuredmedia":[{"embeddable":true,"href":"https:\/\/test.stikla-serviss.lv\/en\/wp-json\/wp\/v2\/media\/1767"}],"wp:attachment":[{"href":"https:\/\/test.stikla-serviss.lv\/en\/wp-json\/wp\/v2\/media?parent=1766"}],"curies":[{"name":"wp","href":"https:\/\/api.w.org\/{rel}","templated":true}]}}