{"id":5704,"date":"2020-05-21T08:17:11","date_gmt":"2020-05-21T05:17:11","guid":{"rendered":"https:\/\/test.stikla-serviss.lv\/product\/clear-float-glass\/"},"modified":"2021-01-08T16:37:16","modified_gmt":"2021-01-08T14:37:16","slug":"clear-float-glass","status":"publish","type":"product","link":"https:\/\/test.stikla-serviss.lv\/en\/product\/clear-float-glass\/","title":{"rendered":"CLEAR FLOAT GLASS"},"content":{"rendered":"<p>&nbsp;<\/p>\n<table style=\"border-collapse: collapse; width: 100%;\">\n<tbody>\n<tr>\n<td style=\"width: 50%; vertical-align: top;\">Assortment \u2013 sheets of the specified sizes can be cut to the required sizes<\/p>\n<table border=\"0\" width=\"194\" cellspacing=\"0\" cellpadding=\"0\">\n<colgroup>\n<col width=\"87\" \/>\n<col width=\"107\" \/><\/colgroup>\n<tbody>\n<tr>\n<td class=\"xl63\" width=\"87\" height=\"21\">2mm<\/td>\n<td class=\"xl63\" width=\"107\">1605x2250mm<\/td>\n<\/tr>\n<tr>\n<td height=\"21\"><\/td>\n<td><\/td>\n<\/tr>\n<tr>\n<td class=\"xl63\" height=\"21\">3mm<\/td>\n<td class=\"xl63\">1605x2250mm<\/td>\n<\/tr>\n<tr>\n<td class=\"xl63\" height=\"21\"><\/td>\n<td class=\"xl63\">1605x2550mm<\/td>\n<\/tr>\n<tr>\n<td class=\"xl63\" height=\"21\"><\/td>\n<td class=\"xl63\">3210x2250mm<\/td>\n<\/tr>\n<tr>\n<td height=\"21\"><\/td>\n<td><\/td>\n<\/tr>\n<tr>\n<td class=\"xl63\" height=\"21\">4mm<\/td>\n<td class=\"xl63\">1300x1605mm<\/td>\n<\/tr>\n<tr>\n<td class=\"xl63\" height=\"21\"><\/td>\n<td class=\"xl63\">1605x2250mm<\/td>\n<\/tr>\n<tr>\n<td class=\"xl63\" height=\"21\"><\/td>\n<td class=\"xl63\">1605x2550mm<\/td>\n<\/tr>\n<tr>\n<td class=\"xl63\" height=\"21\"><\/td>\n<td class=\"xl63\">3210x2250mm<\/td>\n<\/tr>\n<tr>\n<td class=\"xl63\" height=\"21\"><\/td>\n<td class=\"xl63\">3210x2550mm<\/td>\n<\/tr>\n<tr>\n<td height=\"21\"><\/td>\n<td><\/td>\n<\/tr>\n<tr>\n<td class=\"xl63\" height=\"21\">5mm<\/td>\n<td class=\"xl63\">1605x2250mm<\/td>\n<\/tr>\n<tr>\n<td class=\"xl63\" height=\"21\"><\/td>\n<td class=\"xl63\">1605x2550mm<\/td>\n<\/tr>\n<tr>\n<td class=\"xl63\" height=\"21\"><\/td>\n<td class=\"xl63\">3210x2250mm<\/td>\n<\/tr>\n<tr>\n<td class=\"xl63\" height=\"21\"><\/td>\n<td class=\"xl63\">3210x2550mm<\/td>\n<\/tr>\n<tr>\n<td height=\"21\"><\/td>\n<td><\/td>\n<\/tr>\n<tr>\n<td class=\"xl63\" height=\"21\">6mm<\/td>\n<td class=\"xl63\">1605x2250mm<\/td>\n<\/tr>\n<tr>\n<td class=\"xl63\" height=\"21\"><\/td>\n<td class=\"xl63\">1605x2550mm<\/td>\n<\/tr>\n<tr>\n<td class=\"xl63\" height=\"21\"><\/td>\n<td class=\"xl63\">3210x2250mm<\/td>\n<\/tr>\n<tr>\n<td class=\"xl63\" height=\"21\"><\/td>\n<td class=\"xl63\">3210x2550mm<\/td>\n<\/tr>\n<tr>\n<td height=\"21\"><\/td>\n<td><\/td>\n<\/tr>\n<tr>\n<td class=\"xl63\" height=\"21\">8mm<\/td>\n<td class=\"xl63\">1605x2250mm<\/td>\n<\/tr>\n<tr>\n<td class=\"xl63\" height=\"21\"><\/td>\n<td class=\"xl63\">1605x2550mm<\/td>\n<\/tr>\n<tr>\n<td class=\"xl63\" height=\"21\"><\/td>\n<td class=\"xl63\">3210x2250mm<\/td>\n<\/tr>\n<tr>\n<td class=\"xl63\" height=\"21\"><\/td>\n<td class=\"xl63\">3210x2550mm<\/td>\n<\/tr>\n<tr>\n<td height=\"21\"><\/td>\n<td><\/td>\n<\/tr>\n<tr>\n<td class=\"xl63\" height=\"21\">10mm<\/td>\n<td class=\"xl63\">1605x2250mm<\/td>\n<\/tr>\n<tr>\n<td class=\"xl63\" height=\"21\"><\/td>\n<td class=\"xl63\">1605x2550mm<\/td>\n<\/tr>\n<tr>\n<td class=\"xl63\" height=\"21\"><\/td>\n<td class=\"xl63\">3210x2250mm<\/td>\n<\/tr>\n<tr>\n<td class=\"xl63\" height=\"21\"><\/td>\n<td class=\"xl63\">3210x2550mm<\/td>\n<\/tr>\n<tr>\n<td height=\"21\"><\/td>\n<td><\/td>\n<\/tr>\n<tr>\n<td class=\"xl63\" height=\"21\">12mm<\/td>\n<td class=\"xl63\">1605x2250mm<\/td>\n<\/tr>\n<tr>\n<td class=\"xl63\" height=\"21\"><\/td>\n<td class=\"xl63\">3210x2250mm<\/td>\n<\/tr>\n<tr>\n<td height=\"21\"><\/td>\n<td><\/td>\n<\/tr>\n<tr>\n<td class=\"xl63\" height=\"21\">15mm<\/td>\n<td class=\"xl63\">1605x2250mm<\/td>\n<\/tr>\n<tr>\n<td class=\"xl63\" height=\"21\"><\/td>\n<td class=\"xl63\">3210x2250mm<\/td>\n<\/tr>\n<\/tbody>\n<\/table>\n<\/td>\n<td style=\"width: 50%; vertical-align: top;\"><div class=\"row\"  id=\"row-1021788850\">\r\n\r\n\n\t<div id=\"col-1042616997\" class=\"col medium-6 small-12 large-6\"  >\n\t\t<div class=\"col-inner\"  >\n\t\t\t\n\t\t\t\r\n<p style=\"text-align: right;\">M\u0100RIS K\u013bAVI\u0145\u0160<\/p>\r\n<p style=\"text-align: right;\">Technical specialist<\/p>\r\n<p style=\"text-align: right;\">\u00a0+371 67472933<\/p>\r\n<p style=\"text-align: right;\">\u00a0+371 27838328<\/p>\r\n<p style=\"text-align: right;\"><a id=\"contact_email_4\" href=\"mailto:marisk@stikla-serviss.lv\">marisk@stikla-serviss.lv<\/a><\/p>\r\n<p style=\"text-align: right;\"><a id=\"contact_email_4\" href=\"mailto:info@stikla-serviss.lv\">info@stikla-serviss.lv<\/a><\/p>\r\n\t\t<\/div>\n\t\t\t<\/div>\n\n\t\r\n\n\t<div id=\"col-1988443262\" class=\"col medium-6 small-12 large-6\"  >\n\t\t<div class=\"col-inner\"  >\n\t\t\t\n\t\t\t\r\n\r\n\t<div class=\"img has-hover x md-x lg-x y md-y lg-y\" id=\"image_332730347\">\n\t\t\t\t\t\t\t\t<div class=\"img-inner dark\" >\n\t\t\t<img width=\"769\" height=\"800\" src=\"https:\/\/test.stikla-serviss.lv\/wp-content\/uploads\/2021\/01\/Maris-Klavins.jpg\" class=\"attachment-large size-large\" alt=\"\" loading=\"lazy\" srcset=\"https:\/\/test.stikla-serviss.lv\/wp-content\/uploads\/2021\/01\/Maris-Klavins.jpg 769w, https:\/\/test.stikla-serviss.lv\/wp-content\/uploads\/2021\/01\/Maris-Klavins-385x400.jpg 385w, https:\/\/test.stikla-serviss.lv\/wp-content\/uploads\/2021\/01\/Maris-Klavins-510x531.jpg 510w, https:\/\/test.stikla-serviss.lv\/wp-content\/uploads\/2021\/01\/Maris-Klavins-32x32.jpg 32w\" sizes=\"(max-width: 769px) 100vw, 769px\" \/>\t\t\t\t\t\t\n\t\t\t\t\t<\/div>\n\t\t\t\t\t\t\t\t\n<style>\n#image_332730347 {\n  width: 100%;\n}\n<\/style>\n\t<\/div>\n\t\r\n\r\n\t\t<\/div>\n\t\t\t<\/div>\n\n\t\r\n\r\n<\/div>\n<div class=\"row\"  id=\"row-2141454687\">\r\n\r\n\n\t<div id=\"col-904270251\" class=\"col medium-6 small-12 large-6\"  >\n\t\t<div class=\"col-inner\"  >\n\t\t\t\n\t\t\t\r\n<p style=\"text-align: right;\">M\u0100RIS BUTLERS<\/p>\r\n<p style=\"text-align: right;\">Sales manager<\/p>\r\n<p style=\"text-align: right;\">\u00a0+371 67472933<\/p>\r\n<p style=\"text-align: right;\">+371 29463776<\/p>\r\n<p style=\"text-align: right;\"><a id=\"contact_email_4\" href=\"mailto:maris@stikla-serviss.lv\">maris@stikla-serviss.lv<\/a><\/p>\r\n<p style=\"text-align: right;\"><a id=\"contact_email_4\" href=\"mailto:info@stikla-serviss.lv\">info@stikla-serviss.lv<\/a><\/p>\r\n\t\t<\/div>\n\t\t\t<\/div>\n\n\t\r\n\n\t<div id=\"col-1173686183\" class=\"col medium-6 small-12 large-6\"  >\n\t\t<div class=\"col-inner\"  >\n\t\t\t\n\t\t\t\r\n\r\n\t<div class=\"img has-hover x md-x lg-x y md-y lg-y\" id=\"image_1576929213\">\n\t\t\t\t\t\t\t\t<div class=\"img-inner dark\" >\n\t\t\t<img width=\"769\" height=\"800\" src=\"https:\/\/test.stikla-serviss.lv\/wp-content\/uploads\/2021\/01\/Maris-Butlers.jpg\" class=\"attachment-large size-large\" alt=\"\" loading=\"lazy\" srcset=\"https:\/\/test.stikla-serviss.lv\/wp-content\/uploads\/2021\/01\/Maris-Butlers.jpg 769w, https:\/\/test.stikla-serviss.lv\/wp-content\/uploads\/2021\/01\/Maris-Butlers-385x400.jpg 385w, https:\/\/test.stikla-serviss.lv\/wp-content\/uploads\/2021\/01\/Maris-Butlers-510x531.jpg 510w, https:\/\/test.stikla-serviss.lv\/wp-content\/uploads\/2021\/01\/Maris-Butlers-32x32.jpg 32w\" sizes=\"(max-width: 769px) 100vw, 769px\" \/>\t\t\t\t\t\t\n\t\t\t\t\t<\/div>\n\t\t\t\t\t\t\t\t\n<style>\n#image_1576929213 {\n  width: 100%;\n}\n<\/style>\n\t<\/div>\n\t\r\n\r\n\t\t<\/div>\n\t\t\t<\/div>\n\n\t\r\n\r\n<\/div><\/td>\n<\/tr>\n<\/tbody>\n<\/table>\n<p>&nbsp;<\/p>\n","protected":false},"excerpt":{"rendered":"<p>Polished sheet Float glass is high-quality glass with a perfectly smooth surface, clarity, image accuracy, and good transparency. High-quality sheet glass in the world is still produced according to the method, where the liquid glass is poured on the surface of lead melted in a special bath, obtaining homogeneous glass mass with a perfectly smooth surface.<\/p>\n<p>The liquid glass tape is then directed to a special line where controlled glass firing, cooling, and cutting takes place.<\/p>\n<p>Such glass is used for window glazing, furniture, doors, mirrors, etc.<\/p>\n","protected":false},"featured_media":5705,"template":"","meta":[],"yoast_head":"<!-- This site is optimized with the Yoast SEO plugin v15.5 - https:\/\/yoast.com\/wordpress\/plugins\/seo\/ -->\n<title>CLEAR FLOAT GLASS - STIKLA SERVISS<\/title>\n<meta name=\"description\" content=\"CLEAR FLOAT GLASS - STIKLA SERVISS\" \/>\n<meta name=\"robots\" content=\"noindex, follow, max-snippet:-1, max-image-preview:large, max-video-preview:-1\" \/>\n<meta property=\"og:locale\" content=\"en_US\" \/>\n<meta property=\"og:type\" content=\"article\" \/>\n<meta property=\"og:title\" content=\"CLEAR FLOAT GLASS - STIKLA SERVISS\" \/>\n<meta property=\"og:description\" content=\"CLEAR FLOAT GLASS - STIKLA SERVISS\" \/>\n<meta property=\"og:url\" content=\"https:\/\/test.stikla-serviss.lv\/en\/product\/clear-float-glass\/\" \/>\n<meta property=\"og:site_name\" content=\"STIKLA SERVISS\" \/>\n<meta property=\"article:modified_time\" content=\"2021-01-08T14:37:16+00:00\" \/>\n<meta property=\"og:image\" content=\"https:\/\/test.stikla-serviss.lv\/wp-content\/uploads\/2020\/05\/Float-glass-clear-caurspidigs-float-stikls.jpg\" \/>\n\t<meta property=\"og:image:width\" content=\"300\" \/>\n\t<meta property=\"og:image:height\" content=\"210\" \/>\n<meta name=\"twitter:card\" content=\"summary_large_image\" \/>\n<meta name=\"twitter:label1\" content=\"Est. reading time\">\n\t<meta name=\"twitter:data1\" content=\"0 minutes\">\n<script type=\"application\/ld+json\" class=\"yoast-schema-graph\">{\"@context\":\"https:\/\/schema.org\",\"@graph\":[{\"@type\":\"Organization\",\"@id\":\"https:\/\/test.stikla-serviss.lv\/#organization\",\"name\":\"Stikla-serviss\",\"url\":\"https:\/\/test.stikla-serviss.lv\/\",\"sameAs\":[],\"logo\":{\"@type\":\"ImageObject\",\"@id\":\"https:\/\/test.stikla-serviss.lv\/#logo\",\"inLanguage\":\"en-US\",\"url\":\"https:\/\/test.stikla-serviss.lv\/wp-content\/uploads\/2020\/07\/LOGO-ISTS.jpg\",\"width\":1860,\"height\":817,\"caption\":\"Stikla-serviss\"},\"image\":{\"@id\":\"https:\/\/test.stikla-serviss.lv\/#logo\"}},{\"@type\":\"WebSite\",\"@id\":\"https:\/\/test.stikla-serviss.lv\/#website\",\"url\":\"https:\/\/test.stikla-serviss.lv\/\",\"name\":\"STIKLA SERVISS\",\"description\":\"www.stikla-serviss.lv\",\"publisher\":{\"@id\":\"https:\/\/test.stikla-serviss.lv\/#organization\"},\"potentialAction\":[{\"@type\":\"SearchAction\",\"target\":\"https:\/\/test.stikla-serviss.lv\/?s={search_term_string}\",\"query-input\":\"required name=search_term_string\"}],\"inLanguage\":\"en-US\"},{\"@type\":\"ImageObject\",\"@id\":\"https:\/\/test.stikla-serviss.lv\/en\/product\/clear-float-glass\/#primaryimage\",\"inLanguage\":\"en-US\",\"url\":\"https:\/\/test.stikla-serviss.lv\/wp-content\/uploads\/2020\/05\/Float-glass-clear-caurspidigs-float-stikls.jpg\",\"width\":300,\"height\":210},{\"@type\":\"WebPage\",\"@id\":\"https:\/\/test.stikla-serviss.lv\/en\/product\/clear-float-glass\/#webpage\",\"url\":\"https:\/\/test.stikla-serviss.lv\/en\/product\/clear-float-glass\/\",\"name\":\"CLEAR FLOAT GLASS - STIKLA SERVISS\",\"isPartOf\":{\"@id\":\"https:\/\/test.stikla-serviss.lv\/#website\"},\"primaryImageOfPage\":{\"@id\":\"https:\/\/test.stikla-serviss.lv\/en\/product\/clear-float-glass\/#primaryimage\"},\"datePublished\":\"2020-05-21T05:17:11+00:00\",\"dateModified\":\"2021-01-08T14:37:16+00:00\",\"description\":\"CLEAR FLOAT GLASS - STIKLA SERVISS\",\"inLanguage\":\"en-US\",\"potentialAction\":[{\"@type\":\"ReadAction\",\"target\":[\"https:\/\/test.stikla-serviss.lv\/en\/product\/clear-float-glass\/\"]}]}]}<\/script>\n<!-- \/ Yoast SEO plugin. -->","_links":{"self":[{"href":"https:\/\/test.stikla-serviss.lv\/en\/wp-json\/wp\/v2\/product\/5704"}],"collection":[{"href":"https:\/\/test.stikla-serviss.lv\/en\/wp-json\/wp\/v2\/product"}],"about":[{"href":"https:\/\/test.stikla-serviss.lv\/en\/wp-json\/wp\/v2\/types\/product"}],"wp:featuredmedia":[{"embeddable":true,"href":"https:\/\/test.stikla-serviss.lv\/en\/wp-json\/wp\/v2\/media\/5705"}],"wp:attachment":[{"href":"https:\/\/test.stikla-serviss.lv\/en\/wp-json\/wp\/v2\/media?parent=5704"}],"curies":[{"name":"wp","href":"https:\/\/api.w.org\/{rel}","templated":true}]}}