{"id":6615,"date":"2020-07-12T12:36:09","date_gmt":"2020-07-12T09:36:09","guid":{"rendered":"https:\/\/test.stikla-serviss.lv\/product\/tools-for-glass-processing-for-glass-drilling\/"},"modified":"2021-01-05T16:29:54","modified_gmt":"2021-01-05T13:29:54","slug":"tools-for-glass-processing-for-glass-drilling","status":"publish","type":"product","link":"https:\/\/test.stikla-serviss.lv\/en\/product\/tools-for-glass-processing-for-glass-drilling\/","title":{"rendered":"TOOLS FOR GLASS PROCESSING &#8211; FOR GLASS DRILLING"},"content":{"rendered":"<p>&nbsp;<\/p>\n<table style=\"border-collapse: collapse; width: 100%; height: 332px;\">\n<tbody>\n<tr style=\"height: 332px;\">\n<td style=\"vertical-align: top;\"><div class=\"row\"  id=\"row-1043341385\">\r\n\r\n\n\t<div id=\"col-1767452945\" class=\"col medium-6 small-12 large-6\"  >\n\t\t<div class=\"col-inner\"  >\n\t\t\t\n\t\t\t\r\n<p style=\"text-align: right;\">M\u0100RIS K\u013bAVI\u0145\u0160<\/p>\r\n<p style=\"text-align: right;\">Technical specialist<\/p>\r\n<p style=\"text-align: right;\">\u00a0+371 67472933<\/p>\r\n<p style=\"text-align: right;\">\u00a0+371 27838328<\/p>\r\n<p style=\"text-align: right;\"><a id=\"contact_email_4\" href=\"mailto:marisk@stikla-serviss.lv\">marisk@stikla-serviss.lv<\/a><\/p>\r\n<p style=\"text-align: right;\"><a id=\"contact_email_4\" href=\"mailto:info@stikla-serviss.lv\">info@stikla-serviss.lv<\/a><\/p>\r\n\t\t<\/div>\n\t\t\t<\/div>\n\n\t\r\n\n\t<div id=\"col-1035286425\" class=\"col medium-6 small-12 large-6\"  >\n\t\t<div class=\"col-inner\"  >\n\t\t\t\n\t\t\t\r\n\r\n\t<div class=\"img has-hover x md-x lg-x y md-y lg-y\" id=\"image_1910608438\">\n\t\t\t\t\t\t\t\t<div class=\"img-inner dark\" >\n\t\t\t<img width=\"769\" height=\"800\" src=\"https:\/\/test.stikla-serviss.lv\/wp-content\/uploads\/2021\/01\/Maris-Klavins.jpg\" class=\"attachment-large size-large\" alt=\"\" loading=\"lazy\" srcset=\"https:\/\/test.stikla-serviss.lv\/wp-content\/uploads\/2021\/01\/Maris-Klavins.jpg 769w, https:\/\/test.stikla-serviss.lv\/wp-content\/uploads\/2021\/01\/Maris-Klavins-385x400.jpg 385w, https:\/\/test.stikla-serviss.lv\/wp-content\/uploads\/2021\/01\/Maris-Klavins-510x531.jpg 510w, https:\/\/test.stikla-serviss.lv\/wp-content\/uploads\/2021\/01\/Maris-Klavins-32x32.jpg 32w\" sizes=\"(max-width: 769px) 100vw, 769px\" \/>\t\t\t\t\t\t\n\t\t\t\t\t<\/div>\n\t\t\t\t\t\t\t\t\n<style>\n#image_1910608438 {\n  width: 100%;\n}\n<\/style>\n\t<\/div>\n\t\r\n\r\n\t\t<\/div>\n\t\t\t<\/div>\n\n\t\r\n\r\n<\/div><\/td>\n<td style=\"width: 50%; vertical-align: top; height: 332px;\"><div class=\"row\"  id=\"row-1301931269\">\r\n\r\n\n\t<div id=\"col-1136254983\" class=\"col medium-6 small-12 large-6\"  >\n\t\t<div class=\"col-inner\"  >\n\t\t\t\n\t\t\t\r\n<p style=\"text-align: right;\">M\u0100RIS BUTLERS<\/p>\r\n<p style=\"text-align: right;\">Sales manager<\/p>\r\n<p style=\"text-align: right;\">\u00a0+371 67472933<\/p>\r\n<p style=\"text-align: right;\">+371 29463776<\/p>\r\n<p style=\"text-align: right;\"><a id=\"contact_email_4\" href=\"mailto:maris@stikla-serviss.lv\">maris@stikla-serviss.lv<\/a><\/p>\r\n<p style=\"text-align: right;\"><a id=\"contact_email_4\" href=\"mailto:info@stikla-serviss.lv\">info@stikla-serviss.lv<\/a><\/p>\r\n\t\t<\/div>\n\t\t\t<\/div>\n\n\t\r\n\n\t<div id=\"col-1604056935\" class=\"col medium-6 small-12 large-6\"  >\n\t\t<div class=\"col-inner\"  >\n\t\t\t\n\t\t\t\r\n\r\n\t<div class=\"img has-hover x md-x lg-x y md-y lg-y\" id=\"image_1861610285\">\n\t\t\t\t\t\t\t\t<div class=\"img-inner dark\" >\n\t\t\t<img width=\"769\" height=\"800\" src=\"https:\/\/test.stikla-serviss.lv\/wp-content\/uploads\/2021\/01\/Maris-Butlers.jpg\" class=\"attachment-large size-large\" alt=\"\" loading=\"lazy\" srcset=\"https:\/\/test.stikla-serviss.lv\/wp-content\/uploads\/2021\/01\/Maris-Butlers.jpg 769w, https:\/\/test.stikla-serviss.lv\/wp-content\/uploads\/2021\/01\/Maris-Butlers-385x400.jpg 385w, https:\/\/test.stikla-serviss.lv\/wp-content\/uploads\/2021\/01\/Maris-Butlers-510x531.jpg 510w, https:\/\/test.stikla-serviss.lv\/wp-content\/uploads\/2021\/01\/Maris-Butlers-32x32.jpg 32w\" sizes=\"(max-width: 769px) 100vw, 769px\" \/>\t\t\t\t\t\t\n\t\t\t\t\t<\/div>\n\t\t\t\t\t\t\t\t\n<style>\n#image_1861610285 {\n  width: 100%;\n}\n<\/style>\n\t<\/div>\n\t\r\n\r\n\t\t<\/div>\n\t\t\t<\/div>\n\n\t\r\n\r\n<\/div><\/td>\n<\/tr>\n<\/tbody>\n<\/table>\n<p>&nbsp;<\/p>\n","protected":false},"excerpt":{"rendered":"<p><a href=\"https:\/\/test.stikla-serviss.lv\/wp-content\/uploads\/2020\/12\/For-glass-drilling.pdf\" target=\"_blank\" rel=\"noopener noreferrer\"><img loading=\"lazy\" class=\"alignnone wp-image-1506 size-full\" src=\"https:\/\/test.stikla-serviss.lv\/wp-content\/uploads\/2020\/07\/download-pdf-e1593878897360.gif\" alt=\"\" width=\"150\" height=\"139\" \/><\/a><\/p>\n","protected":false},"featured_media":6386,"template":"","meta":[],"yoast_head":"<!-- This site is optimized with the Yoast SEO plugin v15.5 - https:\/\/yoast.com\/wordpress\/plugins\/seo\/ -->\n<title>TOOLS FOR GLASS PROCESSING - FOR GLASS DRILLING - STIKLA SERVISS<\/title>\n<meta name=\"description\" content=\"TOOLS FOR GLASS PROCESSING - FOR GLASS DRILLING - STIKLA SERVISS\" \/>\n<meta name=\"robots\" content=\"noindex, follow, max-snippet:-1, max-image-preview:large, max-video-preview:-1\" \/>\n<meta property=\"og:locale\" content=\"en_US\" \/>\n<meta property=\"og:type\" content=\"article\" \/>\n<meta property=\"og:title\" content=\"TOOLS FOR GLASS PROCESSING - FOR GLASS DRILLING - STIKLA SERVISS\" \/>\n<meta property=\"og:description\" content=\"TOOLS FOR GLASS PROCESSING - FOR GLASS DRILLING - STIKLA SERVISS\" \/>\n<meta property=\"og:url\" content=\"https:\/\/test.stikla-serviss.lv\/en\/product\/tools-for-glass-processing-for-glass-drilling\/\" \/>\n<meta property=\"og:site_name\" content=\"STIKLA SERVISS\" \/>\n<meta property=\"article:modified_time\" content=\"2021-01-05T13:29:54+00:00\" \/>\n<meta property=\"og:image\" content=\"https:\/\/test.stikla-serviss.lv\/wp-content\/uploads\/2020\/12\/instrumenti-stikla-apstradei-stikla-urbsanai-350x420-1.jpg\" \/>\n\t<meta property=\"og:image:width\" content=\"350\" \/>\n\t<meta property=\"og:image:height\" content=\"420\" \/>\n<meta name=\"twitter:card\" content=\"summary_large_image\" \/>\n<meta name=\"twitter:label1\" content=\"Est. reading time\">\n\t<meta name=\"twitter:data1\" content=\"0 minutes\">\n<script type=\"application\/ld+json\" class=\"yoast-schema-graph\">{\"@context\":\"https:\/\/schema.org\",\"@graph\":[{\"@type\":\"Organization\",\"@id\":\"https:\/\/test.stikla-serviss.lv\/#organization\",\"name\":\"Stikla-serviss\",\"url\":\"https:\/\/test.stikla-serviss.lv\/\",\"sameAs\":[],\"logo\":{\"@type\":\"ImageObject\",\"@id\":\"https:\/\/test.stikla-serviss.lv\/#logo\",\"inLanguage\":\"en-US\",\"url\":\"https:\/\/test.stikla-serviss.lv\/wp-content\/uploads\/2020\/07\/LOGO-ISTS.jpg\",\"width\":1860,\"height\":817,\"caption\":\"Stikla-serviss\"},\"image\":{\"@id\":\"https:\/\/test.stikla-serviss.lv\/#logo\"}},{\"@type\":\"WebSite\",\"@id\":\"https:\/\/test.stikla-serviss.lv\/#website\",\"url\":\"https:\/\/test.stikla-serviss.lv\/\",\"name\":\"STIKLA SERVISS\",\"description\":\"www.stikla-serviss.lv\",\"publisher\":{\"@id\":\"https:\/\/test.stikla-serviss.lv\/#organization\"},\"potentialAction\":[{\"@type\":\"SearchAction\",\"target\":\"https:\/\/test.stikla-serviss.lv\/?s={search_term_string}\",\"query-input\":\"required name=search_term_string\"}],\"inLanguage\":\"en-US\"},{\"@type\":\"ImageObject\",\"@id\":\"https:\/\/test.stikla-serviss.lv\/en\/product\/tools-for-glass-processing-for-glass-drilling\/#primaryimage\",\"inLanguage\":\"en-US\",\"url\":\"https:\/\/test.stikla-serviss.lv\/wp-content\/uploads\/2020\/12\/instrumenti-stikla-apstradei-stikla-urbsanai-350x420-1.jpg\",\"width\":350,\"height\":420},{\"@type\":\"WebPage\",\"@id\":\"https:\/\/test.stikla-serviss.lv\/en\/product\/tools-for-glass-processing-for-glass-drilling\/#webpage\",\"url\":\"https:\/\/test.stikla-serviss.lv\/en\/product\/tools-for-glass-processing-for-glass-drilling\/\",\"name\":\"TOOLS FOR GLASS PROCESSING - FOR GLASS DRILLING - STIKLA SERVISS\",\"isPartOf\":{\"@id\":\"https:\/\/test.stikla-serviss.lv\/#website\"},\"primaryImageOfPage\":{\"@id\":\"https:\/\/test.stikla-serviss.lv\/en\/product\/tools-for-glass-processing-for-glass-drilling\/#primaryimage\"},\"datePublished\":\"2020-07-12T09:36:09+00:00\",\"dateModified\":\"2021-01-05T13:29:54+00:00\",\"description\":\"TOOLS FOR GLASS PROCESSING - FOR GLASS DRILLING - STIKLA SERVISS\",\"inLanguage\":\"en-US\",\"potentialAction\":[{\"@type\":\"ReadAction\",\"target\":[\"https:\/\/test.stikla-serviss.lv\/en\/product\/tools-for-glass-processing-for-glass-drilling\/\"]}]}]}<\/script>\n<!-- \/ Yoast SEO plugin. -->","_links":{"self":[{"href":"https:\/\/test.stikla-serviss.lv\/en\/wp-json\/wp\/v2\/product\/6615"}],"collection":[{"href":"https:\/\/test.stikla-serviss.lv\/en\/wp-json\/wp\/v2\/product"}],"about":[{"href":"https:\/\/test.stikla-serviss.lv\/en\/wp-json\/wp\/v2\/types\/product"}],"wp:featuredmedia":[{"embeddable":true,"href":"https:\/\/test.stikla-serviss.lv\/en\/wp-json\/wp\/v2\/media\/6386"}],"wp:attachment":[{"href":"https:\/\/test.stikla-serviss.lv\/en\/wp-json\/wp\/v2\/media?parent=6615"}],"curies":[{"name":"wp","href":"https:\/\/api.w.org\/{rel}","templated":true}]}}