{"id":7395,"date":"2020-11-01T11:56:33","date_gmt":"2021-01-11T09:56:33","guid":{"rendered":"https:\/\/test.stikla-serviss.lv\/?post_type=product&#038;p=7395"},"modified":"2021-01-11T12:04:09","modified_gmt":"2021-01-11T10:04:09","slug":"glass-for-picture-frames-glamatt-clear-copy","status":"publish","type":"product","link":"https:\/\/test.stikla-serviss.lv\/en\/product\/glass-for-picture-frames-glamatt-clear-copy\/","title":{"rendered":"GLASS FOR PICTURE FRAMES &#8211; MATOBEL 1 S"},"content":{"rendered":"<p>&nbsp;<\/p>\n<table style=\"border-collapse: collapse; width: 100%; height: 243px;\">\n<tbody>\n<tr>\n<td style=\"width: 49.916%;\" width=\"564\">Assortment \u2013 sheets of the specified sizes can be cut to the required sizes<\/p>\n<table width=\"50%\">\n<tbody>\n<tr>\n<td width=\"54%\">Glass thickness:<\/td>\n<td width=\"45%\">1,9mm<\/td>\n<\/tr>\n<tr>\n<td width=\"54%\">Glass size:<\/td>\n<td width=\"45%\">1605x12000mm<\/td>\n<\/tr>\n<\/tbody>\n<\/table>\n<\/td>\n<td style=\"width: 50%; vertical-align: top; height: 243px;\"><div class=\"row\"  id=\"row-860966359\">\r\n\r\n\n\t<div id=\"col-1202680515\" class=\"col medium-6 small-12 large-6\"  >\n\t\t<div class=\"col-inner\"  >\n\t\t\t\n\t\t\t\r\n<p style=\"text-align: right;\">M\u0100RIS K\u013bAVI\u0145\u0160<\/p>\r\n<p style=\"text-align: right;\">Technical specialist<\/p>\r\n<p style=\"text-align: right;\">\u00a0+371 67472933<\/p>\r\n<p style=\"text-align: right;\">\u00a0+371 27838328<\/p>\r\n<p style=\"text-align: right;\"><a id=\"contact_email_4\" href=\"mailto:marisk@stikla-serviss.lv\">marisk@stikla-serviss.lv<\/a><\/p>\r\n<p style=\"text-align: right;\"><a id=\"contact_email_4\" href=\"mailto:info@stikla-serviss.lv\">info@stikla-serviss.lv<\/a><\/p>\r\n\t\t<\/div>\n\t\t\t<\/div>\n\n\t\r\n\n\t<div id=\"col-668578043\" class=\"col medium-6 small-12 large-6\"  >\n\t\t<div class=\"col-inner\"  >\n\t\t\t\n\t\t\t\r\n\r\n\t<div class=\"img has-hover x md-x lg-x y md-y lg-y\" id=\"image_1270925516\">\n\t\t\t\t\t\t\t\t<div class=\"img-inner dark\" >\n\t\t\t<img width=\"769\" height=\"800\" src=\"https:\/\/test.stikla-serviss.lv\/wp-content\/uploads\/2021\/01\/Maris-Klavins.jpg\" class=\"attachment-large size-large\" alt=\"\" loading=\"lazy\" srcset=\"https:\/\/test.stikla-serviss.lv\/wp-content\/uploads\/2021\/01\/Maris-Klavins.jpg 769w, https:\/\/test.stikla-serviss.lv\/wp-content\/uploads\/2021\/01\/Maris-Klavins-385x400.jpg 385w, https:\/\/test.stikla-serviss.lv\/wp-content\/uploads\/2021\/01\/Maris-Klavins-510x531.jpg 510w, https:\/\/test.stikla-serviss.lv\/wp-content\/uploads\/2021\/01\/Maris-Klavins-32x32.jpg 32w\" sizes=\"(max-width: 769px) 100vw, 769px\" \/>\t\t\t\t\t\t\n\t\t\t\t\t<\/div>\n\t\t\t\t\t\t\t\t\n<style>\n#image_1270925516 {\n  width: 100%;\n}\n<\/style>\n\t<\/div>\n\t\r\n\r\n\t\t<\/div>\n\t\t\t<\/div>\n\n\t\r\n\r\n<\/div>\n<div class=\"row\"  id=\"row-568815510\">\r\n\r\n\n\t<div id=\"col-934057910\" class=\"col medium-6 small-12 large-6\"  >\n\t\t<div class=\"col-inner\"  >\n\t\t\t\n\t\t\t\r\n<p style=\"text-align: right;\">M\u0100RIS BUTLERS<\/p>\r\n<p style=\"text-align: right;\">Sales manager<\/p>\r\n<p style=\"text-align: right;\">\u00a0+371 67472933<\/p>\r\n<p style=\"text-align: right;\">+371 29463776<\/p>\r\n<p style=\"text-align: right;\"><a id=\"contact_email_4\" href=\"mailto:maris@stikla-serviss.lv\">maris@stikla-serviss.lv<\/a><\/p>\r\n<p style=\"text-align: right;\"><a id=\"contact_email_4\" href=\"mailto:info@stikla-serviss.lv\">info@stikla-serviss.lv<\/a><\/p>\r\n\t\t<\/div>\n\t\t\t<\/div>\n\n\t\r\n\n\t<div id=\"col-811016401\" class=\"col medium-6 small-12 large-6\"  >\n\t\t<div class=\"col-inner\"  >\n\t\t\t\n\t\t\t\r\n\r\n\t<div class=\"img has-hover x md-x lg-x y md-y lg-y\" id=\"image_291424249\">\n\t\t\t\t\t\t\t\t<div class=\"img-inner dark\" >\n\t\t\t<img width=\"769\" height=\"800\" src=\"https:\/\/test.stikla-serviss.lv\/wp-content\/uploads\/2021\/01\/Maris-Butlers.jpg\" class=\"attachment-large size-large\" alt=\"\" loading=\"lazy\" srcset=\"https:\/\/test.stikla-serviss.lv\/wp-content\/uploads\/2021\/01\/Maris-Butlers.jpg 769w, https:\/\/test.stikla-serviss.lv\/wp-content\/uploads\/2021\/01\/Maris-Butlers-385x400.jpg 385w, https:\/\/test.stikla-serviss.lv\/wp-content\/uploads\/2021\/01\/Maris-Butlers-510x531.jpg 510w, https:\/\/test.stikla-serviss.lv\/wp-content\/uploads\/2021\/01\/Maris-Butlers-32x32.jpg 32w\" sizes=\"(max-width: 769px) 100vw, 769px\" \/>\t\t\t\t\t\t\n\t\t\t\t\t<\/div>\n\t\t\t\t\t\t\t\t\n<style>\n#image_291424249 {\n  width: 100%;\n}\n<\/style>\n\t<\/div>\n\t\r\n\r\n\t\t<\/div>\n\t\t\t<\/div>\n\n\t\r\n\r\n<\/div><\/td>\n<\/tr>\n<\/tbody>\n<\/table>\n<div><\/div>\n<div><\/div>\n","protected":false},"excerpt":{"rendered":"<p>Both ordinary float glass and anti-reflective glass with a thickness of about 2 mm are used for framing works. For anti-reflective glass, the light reflection is diffused, which allows viewing the framed artwork from any point of view.<\/p>\n","protected":false},"featured_media":7397,"template":"","meta":[],"yoast_head":"<!-- This site is optimized with the Yoast SEO plugin v15.5 - https:\/\/yoast.com\/wordpress\/plugins\/seo\/ -->\n<title>GLASS FOR PICTURE FRAMES - MATOBEL 1 S - STIKLA SERVISS<\/title>\n<meta name=\"description\" content=\"GLASS FOR PICTURE FRAMES - MATOBEL 1 S - STIKLA SERVISS\" \/>\n<meta name=\"robots\" content=\"noindex, follow, max-snippet:-1, max-image-preview:large, max-video-preview:-1\" \/>\n<meta property=\"og:locale\" content=\"en_US\" \/>\n<meta property=\"og:type\" content=\"article\" \/>\n<meta property=\"og:title\" content=\"GLASS FOR PICTURE FRAMES - MATOBEL 1 S - STIKLA SERVISS\" \/>\n<meta property=\"og:description\" content=\"GLASS FOR PICTURE FRAMES - MATOBEL 1 S - STIKLA SERVISS\" \/>\n<meta property=\"og:url\" content=\"https:\/\/test.stikla-serviss.lv\/en\/product\/glass-for-picture-frames-glamatt-clear-copy\/\" \/>\n<meta property=\"og:site_name\" content=\"STIKLA SERVISS\" \/>\n<meta property=\"article:modified_time\" content=\"2021-01-11T10:04:09+00:00\" \/>\n<meta property=\"og:image\" content=\"https:\/\/test.stikla-serviss.lv\/wp-content\/uploads\/2021\/01\/Matobel-1-s.jpg\" \/>\n\t<meta property=\"og:image:width\" content=\"376\" \/>\n\t<meta property=\"og:image:height\" content=\"134\" \/>\n<meta name=\"twitter:card\" content=\"summary_large_image\" \/>\n<meta name=\"twitter:label1\" content=\"Est. reading time\">\n\t<meta name=\"twitter:data1\" content=\"0 minutes\">\n<script type=\"application\/ld+json\" class=\"yoast-schema-graph\">{\"@context\":\"https:\/\/schema.org\",\"@graph\":[{\"@type\":\"Organization\",\"@id\":\"https:\/\/test.stikla-serviss.lv\/#organization\",\"name\":\"Stikla-serviss\",\"url\":\"https:\/\/test.stikla-serviss.lv\/\",\"sameAs\":[],\"logo\":{\"@type\":\"ImageObject\",\"@id\":\"https:\/\/test.stikla-serviss.lv\/#logo\",\"inLanguage\":\"en-US\",\"url\":\"https:\/\/test.stikla-serviss.lv\/wp-content\/uploads\/2020\/07\/LOGO-ISTS.jpg\",\"width\":1860,\"height\":817,\"caption\":\"Stikla-serviss\"},\"image\":{\"@id\":\"https:\/\/test.stikla-serviss.lv\/#logo\"}},{\"@type\":\"WebSite\",\"@id\":\"https:\/\/test.stikla-serviss.lv\/#website\",\"url\":\"https:\/\/test.stikla-serviss.lv\/\",\"name\":\"STIKLA SERVISS\",\"description\":\"www.stikla-serviss.lv\",\"publisher\":{\"@id\":\"https:\/\/test.stikla-serviss.lv\/#organization\"},\"potentialAction\":[{\"@type\":\"SearchAction\",\"target\":\"https:\/\/test.stikla-serviss.lv\/?s={search_term_string}\",\"query-input\":\"required name=search_term_string\"}],\"inLanguage\":\"en-US\"},{\"@type\":\"ImageObject\",\"@id\":\"https:\/\/test.stikla-serviss.lv\/en\/product\/glass-for-picture-frames-glamatt-clear-copy\/#primaryimage\",\"inLanguage\":\"en-US\",\"url\":\"https:\/\/test.stikla-serviss.lv\/wp-content\/uploads\/2021\/01\/Matobel-1-s.jpg\",\"width\":376,\"height\":134},{\"@type\":\"WebPage\",\"@id\":\"https:\/\/test.stikla-serviss.lv\/en\/product\/glass-for-picture-frames-glamatt-clear-copy\/#webpage\",\"url\":\"https:\/\/test.stikla-serviss.lv\/en\/product\/glass-for-picture-frames-glamatt-clear-copy\/\",\"name\":\"GLASS FOR PICTURE FRAMES - MATOBEL 1 S - STIKLA SERVISS\",\"isPartOf\":{\"@id\":\"https:\/\/test.stikla-serviss.lv\/#website\"},\"primaryImageOfPage\":{\"@id\":\"https:\/\/test.stikla-serviss.lv\/en\/product\/glass-for-picture-frames-glamatt-clear-copy\/#primaryimage\"},\"datePublished\":\"2021-01-11T09:56:33+00:00\",\"dateModified\":\"2021-01-11T10:04:09+00:00\",\"description\":\"GLASS FOR PICTURE FRAMES - MATOBEL 1 S - STIKLA SERVISS\",\"inLanguage\":\"en-US\",\"potentialAction\":[{\"@type\":\"ReadAction\",\"target\":[\"https:\/\/test.stikla-serviss.lv\/en\/product\/glass-for-picture-frames-glamatt-clear-copy\/\"]}]}]}<\/script>\n<!-- \/ Yoast SEO plugin. -->","_links":{"self":[{"href":"https:\/\/test.stikla-serviss.lv\/en\/wp-json\/wp\/v2\/product\/7395"}],"collection":[{"href":"https:\/\/test.stikla-serviss.lv\/en\/wp-json\/wp\/v2\/product"}],"about":[{"href":"https:\/\/test.stikla-serviss.lv\/en\/wp-json\/wp\/v2\/types\/product"}],"wp:featuredmedia":[{"embeddable":true,"href":"https:\/\/test.stikla-serviss.lv\/en\/wp-json\/wp\/v2\/media\/7397"}],"wp:attachment":[{"href":"https:\/\/test.stikla-serviss.lv\/en\/wp-json\/wp\/v2\/media?parent=7395"}],"curies":[{"name":"wp","href":"https:\/\/api.w.org\/{rel}","templated":true}]}}